{"id":1761,"date":"2018-05-09T07:10:06","date_gmt":"2018-05-09T05:10:06","guid":{"rendered":"http:\/\/www.kinkela.hr\/kontakt\/"},"modified":"2018-08-16T18:37:08","modified_gmt":"2018-08-16T16:37:08","slug":"contatto","status":"publish","type":"page","link":"https:\/\/www.kinkela.hr\/it\/contatto\/","title":{"rendered":"Contatto"},"content":{"rendered":"<p><div class=\"fusion-fullwidth fullwidth-box nonhundred-percent-fullwidth non-hundred-percent-height-scrolling\"  style='background-color: rgba(255,255,255,0);background-position: center center;background-repeat: no-repeat;padding-top:0px;padding-right:0px;padding-bottom:0px;padding-left:0px;'><div class=\"fusion-builder-row fusion-row \"><div  class=\"fusion-layout-column fusion_builder_column fusion_builder_column_1_2  fusion-one-half fusion-column-first 1_2\"  style='margin-top:0px;margin-bottom:0px;width:50%;width:calc(50% - ( ( 4% ) * 0.5 ) );margin-right: 4%;'>\n\t\t\t\t\t<div class=\"fusion-column-wrapper\" style=\"padding: 0px 0px 0px 0px;background-position:left top;background-repeat:no-repeat;-webkit-background-size:cover;-moz-background-size:cover;-o-background-size:cover;background-size:cover;\"  data-bg-url=\"\">\n\t\t\t\t\t\t<div class=\"fusion-title title fusion-sep-none fusion-title-center fusion-title-size-three\" style=\"margin-top:0px;margin-bottom:10px;\"><h3 class=\"title-heading-center\">Lo studio di medicina dentale Dra\u017een Kinkela<\/h3><\/div><div class=\"fusion-text\"><p style=\"text-align: center;\">Spettabili,<\/p>\n<p style=\"text-align: center;\">Lo studio di medicina dentale Dra\u017een Kinkela \u00e8 a vostra disposizione per qualsiasi domanda. Se si desidera prendere appuntamento si prega di utilizzare il nostro modulo di contatto o chiamate il nostro numero di telefono. Faremo il possibile per rispondere il prima possibile e confermare l\u2019appuntamento o il termine dell&#8217;intervento. In caso di urgenza \u00e8 possibile chiamare il numero di cellulare.<\/p>\n<p style=\"text-align: center;\">Per appuntamento e richieste via e-mail, si prega di compilare tutti i campi obbligatori nel modulo di contatto e di descrivere nel modo pi\u00f9 dettagliato possibile il vostro problema, richiesta o domanda al fine di darvi una risposta completa.<\/p>\n<p style=\"text-align: center;\">Grazie per la vostra fiducia.<\/p>\n<\/div><div class=\"fusion-clearfix\"><\/div>\n\n\t\t\t\t\t<\/div>\n\t\t\t\t<\/div><div  class=\"fusion-layout-column fusion_builder_column fusion_builder_column_1_2  fusion-one-half fusion-column-last 1_2\"  style='margin-top:0px;margin-bottom:0px;width:50%;width:calc(50% - ( ( 4% ) * 0.5 ) );'>\n\t\t\t\t\t<div class=\"fusion-column-wrapper\" style=\"padding: 0px 0px 0px 0px;background-position:left top;background-repeat:no-repeat;-webkit-background-size:cover;-moz-background-size:cover;-o-background-size:cover;background-size:cover;\"  data-bg-url=\"\">\n\t\t\t\t\t\t<div class=\"fusion-title title fusion-sep-none fusion-title-center fusion-title-size-three\" style=\"margin-top:0px;margin-bottom:10px;\"><h3 class=\"title-heading-center\">Orario di lavoro e informazioni di contatto<\/h3><\/div><div class=\"fusion-text\"><p style=\"text-align: center;\">Orario di lavoro:<\/p>\n<p style=\"text-align: center;\">Luned\u00ec, mercoled\u00ec e venerd\u00ec 09:00 &#8211; 16:00<\/p>\n<p style=\"text-align: center;\">Marted\u00ec e gioved\u00ec 12:00 &#8211; 19:00<\/p>\n<p style=\"text-align: center;\">Sabato 09:00 &#8211; 14:00<\/p>\n<p style=\"text-align: center;\">Tel:\u00a0+385 51 673 040<\/p>\n<p style=\"text-align: center;\">Mob:\u00a0+385 98 192 38 46<\/p>\n<p style=\"text-align: center;\">E-mail: <a href=\"mailto:info@kinkela.hr\">info@kinkela.hr<\/a><\/p>\n<\/div><div class=\"fusion-clearfix\"><\/div>\n\n\t\t\t\t\t<\/div>\n\t\t\t\t<\/div><\/div><\/div><div class=\"fusion-fullwidth fullwidth-box nonhundred-percent-fullwidth non-hundred-percent-height-scrolling\"  style='background-color: rgba(255,255,255,0);background-position: center center;background-repeat: no-repeat;padding-top:0px;padding-right:0px;padding-bottom:0px;padding-left:0px;'><div class=\"fusion-builder-row fusion-row \"><div  class=\"fusion-layout-column fusion_builder_column fusion_builder_column_1_1  fusion-one-full fusion-column-first fusion-column-last 1_1\"  style='margin-top:0px;margin-bottom:0px;'>\n\t\t\t\t\t<div class=\"fusion-column-wrapper\" style=\"padding: 0px 0px 0px 0px;background-position:left top;background-repeat:no-repeat;-webkit-background-size:cover;-moz-background-size:cover;-o-background-size:cover;background-size:cover;\"  data-bg-url=\"\">\n\t\t\t\t\t\t<div class=\"fusion-title title fusion-sep-none fusion-title-center fusion-title-size-two\" style=\"margin-top:0px;margin-bottom:10px;\"><h2 class=\"title-heading-center\">LO STUDIO DI MEDICINA DENTALE DRA\u017dEN KINKELA<\/p>\n<p>CONTATTO<\/h2><\/div><div class=\"fusion-text\"><div role=\"form\" class=\"wpcf7\" id=\"wpcf7-f1743-o1\" lang=\"hr\" dir=\"ltr\">\n<div class=\"screen-reader-response\"><p role=\"status\" aria-live=\"polite\" aria-atomic=\"true\"><\/p> <ul><\/ul><\/div>\n<form action=\"\/it\/wp-json\/wp\/v2\/pages\/1761#wpcf7-f1743-o1\" method=\"post\" class=\"wpcf7-form init\" novalidate=\"novalidate\" data-status=\"init\">\n<div style=\"display: none;\">\n<input type=\"hidden\" name=\"_wpcf7\" value=\"1743\" \/>\n<input type=\"hidden\" name=\"_wpcf7_version\" value=\"5.5.4\" \/>\n<input type=\"hidden\" name=\"_wpcf7_locale\" value=\"hr\" \/>\n<input type=\"hidden\" name=\"_wpcf7_unit_tag\" value=\"wpcf7-f1743-o1\" \/>\n<input type=\"hidden\" name=\"_wpcf7_container_post\" value=\"0\" \/>\n<input type=\"hidden\" name=\"_wpcf7_posted_data_hash\" value=\"\" \/>\n<\/div>\n<p><label> Il tuo nome (richiesto)<br \/>\n    <span class=\"wpcf7-form-control-wrap your-name\"><input type=\"text\" name=\"your-name\" value=\"\" size=\"40\" class=\"wpcf7-form-control wpcf7-text wpcf7-validates-as-required\" aria-required=\"true\" aria-invalid=\"false\" \/><\/span> <\/label><\/p>\n<p><label> La tua email (richiesto)<br \/>\n    <span class=\"wpcf7-form-control-wrap your-email\"><input type=\"email\" name=\"your-email\" value=\"\" size=\"40\" class=\"wpcf7-form-control wpcf7-text wpcf7-email wpcf7-validates-as-required wpcf7-validates-as-email\" aria-required=\"true\" aria-invalid=\"false\" \/><\/span> <\/label><\/p>\n<p><label> Numero di telefono<br \/>\n    <span class=\"wpcf7-form-control-wrap tel-217\"><input type=\"tel\" name=\"tel-217\" value=\"\" size=\"40\" class=\"wpcf7-form-control wpcf7-text wpcf7-tel wpcf7-validates-as-tel\" aria-invalid=\"false\" \/><\/span> <\/label><\/p>\n<p><label>Scegli uno dei servizi di cui hai bisogno<\/label><\/p>\n<p><span class=\"wpcf7-form-control-wrap radio-203\"><span class=\"wpcf7-form-control wpcf7-radio\"><span class=\"wpcf7-list-item first\"><input type=\"radio\" name=\"radio-203\" value=\"Termini di prenotazione per la revisione\" \/><span class=\"wpcf7-list-item-label\">Termini di prenotazione per la revisione<\/span><\/span><span class=\"wpcf7-list-item\"><input type=\"radio\" name=\"radio-203\" value=\"Prenotazioni per l&#039;operazione\" \/><span class=\"wpcf7-list-item-label\">Prenotazioni per l&#039;operazione<\/span><\/span><span class=\"wpcf7-list-item last\"><input type=\"radio\" name=\"radio-203\" value=\"Indagine relativa ad altri servizi odontoiatrici\" \/><span class=\"wpcf7-list-item-label\">Indagine relativa ad altri servizi odontoiatrici<\/span><\/span><\/span><\/span><\/p>\n<p><label> Titolo<br \/>\n    <span class=\"wpcf7-form-control-wrap your-subject\"><input type=\"text\" name=\"your-subject\" value=\"\" size=\"40\" class=\"wpcf7-form-control wpcf7-text\" aria-invalid=\"false\" \/><\/span> <\/label><\/p>\n<p><label> Il tuo messaggio<br \/>\n    <span class=\"wpcf7-form-control-wrap your-message\"><textarea name=\"your-message\" cols=\"40\" rows=\"10\" class=\"wpcf7-form-control wpcf7-textarea\" aria-invalid=\"false\"><\/textarea><\/span> <\/label><\/p>\n<p>[recaptcha]<\/p>\n<p><input type=\"submit\" value=\"Inviare\" class=\"wpcf7-form-control has-spinner wpcf7-submit\" \/><\/p>\n<div class=\"wpcf7-response-output\" aria-hidden=\"true\"><\/div><\/form><\/div>\n<\/div><div class=\"fusion-sep-clear\"><\/div><div class=\"fusion-separator fusion-full-width-sep sep-single\" style=\"border-color:#eae8e8;border-top-width:2px;margin-left: auto;margin-right: auto;margin-top:;\"><\/div><div class=\"fusion-text\"><p>Dental Dental Dra\u017een Kinkela ha l&#8217;obbligo che i dati raccolti tramite questo modulo di contatto non saranno condivisi con terzi. Tutti i dati raccolti tramite questo modulo di contatto \u00e8 esclusivamente per contattare i pazienti per quanto riguarda le loro domande per i servizi forniti da Dental Medicine Dra\u017een Kinkela.<\/p>\n<\/div><div class=\"fusion-clearfix\"><\/div>\n\n\t\t\t\t\t<\/div>\n\t\t\t\t<\/div><div  class=\"fusion-layout-column fusion_builder_column fusion_builder_column_1_1  fusion-one-full fusion-column-first fusion-column-last 1_1\"  style='margin-top:0px;margin-bottom:0px;'>\n\t\t\t\t\t<div class=\"fusion-column-wrapper\" style=\"padding: 0px 0px 0px 0px;background-position:left top;background-repeat:no-repeat;-webkit-background-size:cover;-moz-background-size:cover;-o-background-size:cover;background-size:cover;\"  data-bg-url=\"\">\n\t\t\t\t\t\t<div class=\"fusion-button-wrapper fusion-aligncenter\"><style type=\"text\/css\" scoped=\"scoped\">.fusion-button.button-1 .fusion-button-text, .fusion-button.button-1 i {color:#78104b;}.fusion-button.button-1 {border-width:0px;border-color:#78104b;}.fusion-button.button-1 .fusion-button-icon-divider{border-color:#78104b;}.fusion-button.button-1:hover .fusion-button-text, .fusion-button.button-1:hover i,.fusion-button.button-1:focus .fusion-button-text, .fusion-button.button-1:focus i,.fusion-button.button-1:active .fusion-button-text, .fusion-button.button-1:active{color:#78104b;}.fusion-button.button-1:hover, .fusion-button.button-1:focus, .fusion-button.button-1:active{border-width:0px;border-color:#78104b;}.fusion-button.button-1:hover .fusion-button-icon-divider, .fusion-button.button-1:hover .fusion-button-icon-divider, .fusion-button.button-1:active .fusion-button-icon-divider{border-color:#78104b;}.fusion-button.button-1{background: #e890c2;\n\t\t\t\t\t\t\tbackground-image: -webkit-gradient( linear, left bottom, left top, from( #d65aa0 ), to( #e890c2 ) );\n\t\t\t\t\t\t\tbackground-image: -webkit-linear-gradient( bottom, #d65aa0, #e890c2 );\n\t\t\t\t\t\t\tbackground-image:   -moz-linear-gradient( bottom, #d65aa0, #e890c2 );\n\t\t\t\t\t\t\tbackground-image:     -o-linear-gradient( bottom, #d65aa0, #e890c2 );\n\t\t\t\t\t\t\tbackground-image: linear-gradient( to top, #d65aa0, #e890c2 );}.fusion-button.button-1:hover,.button-1:focus,.fusion-button.button-1:active{background: #d65aa0;\n\t\t\t\t\t\t\tbackground-image: -webkit-gradient( linear, left bottom, left top, from( #e890c2 ), to( #d65aa0 ) );\n\t\t\t\t\t\t\tbackground-image: -webkit-linear-gradient( bottom, #e890c2, #d65aa0 );\n\t\t\t\t\t\t\tbackground-image:   -moz-linear-gradient( bottom, #e890c2, #d65aa0 );\n\t\t\t\t\t\t\tbackground-image:     -o-linear-gradient( bottom, #e890c2, #d65aa0 );\n\t\t\t\t\t\t\tbackground-image: linear-gradient( to top, #e890c2, #d65aa0 );}.fusion-button.button-1{width:auto;}<\/style><a class=\"fusion-button button-flat fusion-button-pill button-large button-custom button-1 fusion-animated\" data-animationType=\"fadeIn\" data-animationDuration=\"0.3\" data-animationOffset=\"100%\" target=\"_self\" href=\"http:\/\/www.kinkela.hr\/it\/dove-ci-troviamo\/\"><i class=\"fa fa-map-marker button-icon-left\"><\/i><span class=\"fusion-button-text\">Dove ci troviamo<\/span><\/a><\/div><div class=\"fusion-clearfix\"><\/div>\n\n\t\t\t\t\t<\/div>\n\t\t\t\t<\/div><\/div><\/div><\/p>\n","protected":false},"excerpt":{"rendered":"","protected":false},"author":1,"featured_media":0,"parent":0,"menu_order":0,"comment_status":"closed","ping_status":"closed","template":"","meta":[],"yoast_head":"<!-- This site is optimized with the Yoast SEO plugin v18.0 - https:\/\/yoast.com\/wordpress\/plugins\/seo\/ -->\n<title>Contatto | Lo studio di medicina dentale Dra\u017een Kinkela | Fiume | Croazia<\/title>\n<meta name=\"description\" content=\"Lo studio di medicina dentale Dra\u017een Kinkela, Fiume \u00e8 a vostra disposizione per qualsiasi domanda. Faremo il possibile per rispondere il prima possibile.\" \/>\n<meta name=\"robots\" content=\"index, follow, max-snippet:-1, max-image-preview:large, max-video-preview:-1\" \/>\n<link rel=\"canonical\" href=\"http:\/\/www.kinkela.hr\/it\/contatto\/\" \/>\n<meta property=\"og:locale\" content=\"it_IT\" \/>\n<meta property=\"og:type\" content=\"article\" \/>\n<meta property=\"og:title\" content=\"Contatto | Lo studio di medicina dentale Dra\u017een Kinkela | Fiume | Croazia\" \/>\n<meta property=\"og:description\" content=\"Lo studio di medicina dentale Dra\u017een Kinkela, Fiume \u00e8 a vostra disposizione per qualsiasi domanda. Faremo il possibile per rispondere il prima possibile.\" \/>\n<meta property=\"og:url\" content=\"http:\/\/www.kinkela.hr\/it\/contatto\/\" \/>\n<meta property=\"og:site_name\" content=\"Ordinacija Dentalne medicine Dra\u017een Kinkela | Rijeka | Hrvatska | Croatia\" \/>\n<meta property=\"article:modified_time\" content=\"2018-08-16T16:37:08+00:00\" \/>\n<meta name=\"twitter:card\" content=\"summary_large_image\" \/>\n<meta name=\"twitter:label1\" content=\"Tempo di lettura stimato\" \/>\n\t<meta name=\"twitter:data1\" content=\"5 minuti\" \/>\n<script type=\"application\/ld+json\" class=\"yoast-schema-graph\">{\"@context\":\"https:\/\/schema.org\",\"@graph\":[{\"@type\":\"WebSite\",\"@id\":\"https:\/\/www.kinkela.hr\/it\/#website\",\"url\":\"https:\/\/www.kinkela.hr\/it\/\",\"name\":\"Ordinacija Dentalne medicine Dra\u017een Kinkela | Rijeka | Hrvatska | Croatia\",\"description\":\"Dobrodo\u0161li u ordinaciju dentalne medicine Dra\u017een Kinkela\",\"potentialAction\":[{\"@type\":\"SearchAction\",\"target\":{\"@type\":\"EntryPoint\",\"urlTemplate\":\"https:\/\/www.kinkela.hr\/it\/?s={search_term_string}\"},\"query-input\":\"required name=search_term_string\"}],\"inLanguage\":\"it-IT\"},{\"@type\":\"WebPage\",\"@id\":\"http:\/\/www.kinkela.hr\/it\/contatto\/#webpage\",\"url\":\"http:\/\/www.kinkela.hr\/it\/contatto\/\",\"name\":\"Contatto | Lo studio di medicina dentale Dra\u017een Kinkela | Fiume | Croazia\",\"isPartOf\":{\"@id\":\"https:\/\/www.kinkela.hr\/it\/#website\"},\"datePublished\":\"2018-05-09T05:10:06+00:00\",\"dateModified\":\"2018-08-16T16:37:08+00:00\",\"description\":\"Lo studio di medicina dentale Dra\u017een Kinkela, Fiume \u00e8 a vostra disposizione per qualsiasi domanda. Faremo il possibile per rispondere il prima possibile.\",\"breadcrumb\":{\"@id\":\"http:\/\/www.kinkela.hr\/it\/contatto\/#breadcrumb\"},\"inLanguage\":\"it-IT\",\"potentialAction\":[{\"@type\":\"ReadAction\",\"target\":[\"http:\/\/www.kinkela.hr\/it\/contatto\/\"]}]},{\"@type\":\"BreadcrumbList\",\"@id\":\"http:\/\/www.kinkela.hr\/it\/contatto\/#breadcrumb\",\"itemListElement\":[{\"@type\":\"ListItem\",\"position\":1,\"name\":\"Po\u010detna stranica\",\"item\":\"https:\/\/www.kinkela.hr\/it\/\"},{\"@type\":\"ListItem\",\"position\":2,\"name\":\"Contatto\"}]}]}<\/script>\n<!-- \/ Yoast SEO plugin. -->","yoast_head_json":{"title":"Contatto | Lo studio di medicina dentale Dra\u017een Kinkela | Fiume | Croazia","description":"Lo studio di medicina dentale Dra\u017een Kinkela, Fiume \u00e8 a vostra disposizione per qualsiasi domanda. Faremo il possibile per rispondere il prima possibile.","robots":{"index":"index","follow":"follow","max-snippet":"max-snippet:-1","max-image-preview":"max-image-preview:large","max-video-preview":"max-video-preview:-1"},"canonical":"http:\/\/www.kinkela.hr\/it\/contatto\/","og_locale":"it_IT","og_type":"article","og_title":"Contatto | Lo studio di medicina dentale Dra\u017een Kinkela | Fiume | Croazia","og_description":"Lo studio di medicina dentale Dra\u017een Kinkela, Fiume \u00e8 a vostra disposizione per qualsiasi domanda. Faremo il possibile per rispondere il prima possibile.","og_url":"http:\/\/www.kinkela.hr\/it\/contatto\/","og_site_name":"Ordinacija Dentalne medicine Dra\u017een Kinkela | Rijeka | Hrvatska | Croatia","article_modified_time":"2018-08-16T16:37:08+00:00","twitter_card":"summary_large_image","twitter_misc":{"Tempo di lettura stimato":"5 minuti"},"schema":{"@context":"https:\/\/schema.org","@graph":[{"@type":"WebSite","@id":"https:\/\/www.kinkela.hr\/it\/#website","url":"https:\/\/www.kinkela.hr\/it\/","name":"Ordinacija Dentalne medicine Dra\u017een Kinkela | Rijeka | Hrvatska | Croatia","description":"Dobrodo\u0161li u ordinaciju dentalne medicine Dra\u017een Kinkela","potentialAction":[{"@type":"SearchAction","target":{"@type":"EntryPoint","urlTemplate":"https:\/\/www.kinkela.hr\/it\/?s={search_term_string}"},"query-input":"required name=search_term_string"}],"inLanguage":"it-IT"},{"@type":"WebPage","@id":"http:\/\/www.kinkela.hr\/it\/contatto\/#webpage","url":"http:\/\/www.kinkela.hr\/it\/contatto\/","name":"Contatto | Lo studio di medicina dentale Dra\u017een Kinkela | Fiume | Croazia","isPartOf":{"@id":"https:\/\/www.kinkela.hr\/it\/#website"},"datePublished":"2018-05-09T05:10:06+00:00","dateModified":"2018-08-16T16:37:08+00:00","description":"Lo studio di medicina dentale Dra\u017een Kinkela, Fiume \u00e8 a vostra disposizione per qualsiasi domanda. Faremo il possibile per rispondere il prima possibile.","breadcrumb":{"@id":"http:\/\/www.kinkela.hr\/it\/contatto\/#breadcrumb"},"inLanguage":"it-IT","potentialAction":[{"@type":"ReadAction","target":["http:\/\/www.kinkela.hr\/it\/contatto\/"]}]},{"@type":"BreadcrumbList","@id":"http:\/\/www.kinkela.hr\/it\/contatto\/#breadcrumb","itemListElement":[{"@type":"ListItem","position":1,"name":"Po\u010detna stranica","item":"https:\/\/www.kinkela.hr\/it\/"},{"@type":"ListItem","position":2,"name":"Contatto"}]}]}},"_links":{"self":[{"href":"https:\/\/www.kinkela.hr\/it\/wp-json\/wp\/v2\/pages\/1761"}],"collection":[{"href":"https:\/\/www.kinkela.hr\/it\/wp-json\/wp\/v2\/pages"}],"about":[{"href":"https:\/\/www.kinkela.hr\/it\/wp-json\/wp\/v2\/types\/page"}],"author":[{"embeddable":true,"href":"https:\/\/www.kinkela.hr\/it\/wp-json\/wp\/v2\/users\/1"}],"replies":[{"embeddable":true,"href":"https:\/\/www.kinkela.hr\/it\/wp-json\/wp\/v2\/comments?post=1761"}],"version-history":[{"count":7,"href":"https:\/\/www.kinkela.hr\/it\/wp-json\/wp\/v2\/pages\/1761\/revisions"}],"predecessor-version":[{"id":1768,"href":"https:\/\/www.kinkela.hr\/it\/wp-json\/wp\/v2\/pages\/1761\/revisions\/1768"}],"wp:attachment":[{"href":"https:\/\/www.kinkela.hr\/it\/wp-json\/wp\/v2\/media?parent=1761"}],"curies":[{"name":"wp","href":"https:\/\/api.w.org\/{rel}","templated":true}]}}